{"id":57,"date":"2016-11-15T20:47:12","date_gmt":"2016-11-15T18:47:12","guid":{"rendered":"http:\/\/localhost:8888\/?page_id=53"},"modified":"2016-11-15T20:47:12","modified_gmt":"2016-11-15T18:47:12","slug":"yhteystiedot","status":"publish","type":"page","link":"https:\/\/radiofestivaali.fi\/?page_id=57","title":{"rendered":"Yhteystiedot"},"content":{"rendered":"<p style=\"text-align: left;\"><span style=\"font-weight: 400;\"><img loading=\"lazy\" decoding=\"async\" class=\" wp-image-86 aligncenter\" src=\"http:\/\/radiofestivaali.metropolia.fi\/wp-content\/uploads\/2016\/11\/\u00c4\u00e4nipolku-fb-kansi-1-1.png\" alt=\"aanipolku-fb-kansi-1\" width=\"372\" height=\"196\" \/><\/span><\/p>\n<p style=\"text-align: left;\"><span style=\"font-weight: 400;\">\u00c4\u00e4nipolku yhdistyksen tarkoituksena on edist\u00e4\u00e4, kehitt\u00e4\u00e4 ja tukea radio- ja mediailmaisua ja osaamista koko koulutuspolulla ja tukea elinik\u00e4ist\u00e4 oppimista.<\/span><span style=\"font-weight: 400;\"><br \/>\n<\/span><\/p>\n<p style=\"text-align: left;\"><span style=\"font-weight: 400;\">aanipolku(at)gmail.com<\/span><span style=\"font-weight: 400;\"><br \/>\n<\/span><span style=\"font-weight: 400;\"><br \/>\n<\/span><span style=\"font-weight: 400;\">Facebook: <\/span><a href=\"https:\/\/www.facebook.com\/radiofestivaali\/\"><span style=\"font-weight: 400;\">www.facebook.com\/radiofestivaali<\/span><\/a><span style=\"font-weight: 400;\"><br \/>\n<\/span><span style=\"font-weight: 400;\">Twitter: @Radiofestari<\/span><span style=\"font-weight: 400;\"><br \/>\n<\/span><span style=\"font-weight: 400;\">Instagram: @Radiofestivaali<\/span><\/p>\n<p><center><a href=\"https:\/\/www.facebook.com\/radiofestivaali\/\"><img loading=\"lazy\" decoding=\"async\" class=\"wp-image-107 alignnone\" src=\"http:\/\/radiofestivaali.metropolia.fi\/wp-content\/uploads\/2016\/11\/rf17_facebook.png\" alt=\"rf17_facebook\" width=\"47\" height=\"47\" \/><\/a>\u00a0<a href=\"http:\/\/twitter.com\/radiofestari\"><img loading=\"lazy\" decoding=\"async\" class=\"alignnone wp-image-110\" src=\"http:\/\/radiofestivaali.metropolia.fi\/wp-content\/uploads\/2016\/11\/rf17_twitter.png\" alt=\"rf17_twitter\" width=\"47\" height=\"47\" \/><\/a><\/center><\/p>\n","protected":false},"excerpt":{"rendered":"<p>\u00c4\u00e4nipolku yhdistyksen tarkoituksena on edist\u00e4\u00e4, kehitt\u00e4\u00e4 ja tukea radio- ja mediailmaisua ja osaamista koko koulutuspolulla ja tukea elinik\u00e4ist\u00e4 oppimista. aanipolku(at)gmail.com Facebook: www.facebook.com\/radiofestivaali Twitter: @Radiofestari Instagram: @Radiofestivaali \u00a0<\/p>\n","protected":false},"author":1,"featured_media":0,"parent":0,"menu_order":0,"comment_status":"closed","ping_status":"closed","template":"","meta":{"footnotes":""},"class_list":["post-57","page","type-page","status-publish","hentry"],"_links":{"self":[{"href":"https:\/\/radiofestivaali.fi\/index.php?rest_route=\/wp\/v2\/pages\/57","targetHints":{"allow":["GET"]}}],"collection":[{"href":"https:\/\/radiofestivaali.fi\/index.php?rest_route=\/wp\/v2\/pages"}],"about":[{"href":"https:\/\/radiofestivaali.fi\/index.php?rest_route=\/wp\/v2\/types\/page"}],"author":[{"embeddable":true,"href":"https:\/\/radiofestivaali.fi\/index.php?rest_route=\/wp\/v2\/users\/1"}],"replies":[{"embeddable":true,"href":"https:\/\/radiofestivaali.fi\/index.php?rest_route=%2Fwp%2Fv2%2Fcomments&post=57"}],"version-history":[{"count":0,"href":"https:\/\/radiofestivaali.fi\/index.php?rest_route=\/wp\/v2\/pages\/57\/revisions"}],"wp:attachment":[{"href":"https:\/\/radiofestivaali.fi\/index.php?rest_route=%2Fwp%2Fv2%2Fmedia&parent=57"}],"curies":[{"name":"wp","href":"https:\/\/api.w.org\/{rel}","templated":true}]}}